{"id":33,"date":"2022-12-20T17:09:28","date_gmt":"2022-12-20T16:09:28","guid":{"rendered":"https:\/\/motorradvermietung-hamburg.de\/?page_id=33"},"modified":"2024-12-10T15:54:17","modified_gmt":"2024-12-10T14:54:17","slug":"startseite","status":"publish","type":"page","link":"https:\/\/motorradvermietung-hamburg.de\/pt\/","title":{"rendered":"P\u00e1gina inicial"},"content":{"rendered":"","protected":false},"excerpt":{"rendered":"","protected":false},"author":4,"featured_media":0,"parent":0,"menu_order":0,"comment_status":"closed","ping_status":"closed","template":"","meta":{"_acf_changed":false,"_seopress_robots_primary_cat":"","_seopress_titles_title":"KTM & BMW Motorr\u00e4der mieten in Hamburg & M\u00fcnchen","_seopress_titles_desc":"Wir vermieten Reisefertige KTM und BMW Motorr\u00e4der inkl. Koffer-System, Navi und Vollkaskoversicherung. Von Biker f\u00fcr Biker!","_seopress_robots_index":"","footnotes":""},"class_list":["post-33","page","type-page","status-publish","hentry"],"acf":[],"_links":{"self":[{"href":"https:\/\/motorradvermietung-hamburg.de\/pt\/wp-json\/wp\/v2\/pages\/33","targetHints":{"allow":["GET"]}}],"collection":[{"href":"https:\/\/motorradvermietung-hamburg.de\/pt\/wp-json\/wp\/v2\/pages"}],"about":[{"href":"https:\/\/motorradvermietung-hamburg.de\/pt\/wp-json\/wp\/v2\/types\/page"}],"author":[{"embeddable":true,"href":"https:\/\/motorradvermietung-hamburg.de\/pt\/wp-json\/wp\/v2\/users\/4"}],"replies":[{"embeddable":true,"href":"https:\/\/motorradvermietung-hamburg.de\/pt\/wp-json\/wp\/v2\/comments?post=33"}],"version-history":[{"count":101,"href":"https:\/\/motorradvermietung-hamburg.de\/pt\/wp-json\/wp\/v2\/pages\/33\/revisions"}],"predecessor-version":[{"id":2308,"href":"https:\/\/motorradvermietung-hamburg.de\/pt\/wp-json\/wp\/v2\/pages\/33\/revisions\/2308"}],"wp:attachment":[{"href":"https:\/\/motorradvermietung-hamburg.de\/pt\/wp-json\/wp\/v2\/media?parent=33"}],"curies":[{"name":"wp","href":"https:\/\/api.w.org\/{rel}","templated":true}]}}